{"id":22,"date":"2012-03-19T07:39:20","date_gmt":"2012-03-19T06:39:20","guid":{"rendered":"http:\/\/gartenstadt-racingteam.de\/racing\/?page_id=22"},"modified":"2023-09-02T20:35:19","modified_gmt":"2023-09-02T18:35:19","slug":"fahrer","status":"publish","type":"page","link":"https:\/\/gartenstadt-racingteam.de\/racing\/fahrer","title":{"rendered":"Fahrer"},"content":{"rendered":"<p><a href=\"http:\/\/gartenstadt-racingteam.de\/racing\/wp-content\/uploads\/2012\/03\/SAM_1009.jpg\"><img fetchpriority=\"high\" decoding=\"async\" class=\"aligncenter size-medium wp-image-1242\" src=\"http:\/\/gartenstadt-racingteam.de\/racing\/wp-content\/uploads\/2012\/03\/SAM_1009-300x225.jpg\" alt=\"SAM_1009\" width=\"300\" height=\"225\" srcset=\"https:\/\/gartenstadt-racingteam.de\/racing\/wp-content\/uploads\/2012\/03\/SAM_1009-300x225.jpg 300w, https:\/\/gartenstadt-racingteam.de\/racing\/wp-content\/uploads\/2012\/03\/SAM_1009-1024x768.jpg 1024w, https:\/\/gartenstadt-racingteam.de\/racing\/wp-content\/uploads\/2012\/03\/SAM_1009-400x300.jpg 400w\" sizes=\"(max-width: 300px) 100vw, 300px\" \/><\/a><\/p>\n<p>Armin Braun<\/p>\n<ul>\n<li>Fahrer seit 2011<\/li>\n<li>Erstes Rennen Rummelsberg<\/li>\n<li>8 Rennen 2011<\/li>\n<li>Bay. Meisterschaft 2011 Junior Platz 8<\/li>\n<li>Deutsche Meisterschaft 2011 Junior Platz 38<\/li>\n<li>9 Rennen 2012<\/li>\n<li>Bay Meisterschaft 2012 Junior Platz 6<\/li>\n<li>Deutsche Meisterschaft 2012 Junior Platz 42<\/li>\n<li>14 Rennen 2013<\/li>\n<li>Bay. Meisterschaft 2013 Junior Platz 5<\/li>\n<li>Baden W\u00fcrttembergische Meisterschaft 2013 Junior Platz 1<\/li>\n<li>Deutsche Meisterschaft 2013 Junior Platz 22<\/li>\n<li>Europameisterschaft 2013 Junior Platz 7<\/li>\n<li>Seit 2014 Starter Senior Klasse<\/li>\n<li>13 Rennen 2014<\/li>\n<li>Bay. Meisterschaft 2014 Senior Platz 6<\/li>\n<li>\u00a0Baden W\u00fcrttembergische Meisterschaft 2014\u00a0Senior Platz 4<\/li>\n<li>Deutsche Meisterschaft 2014 Senior Platz 31<\/li>\n<li>8 Rennen 2015<\/li>\n<li>Bay. Meisterschaft 2015 Senior Platz \u00a0Platz 9<\/li>\n<li>Deutsche Meisterschaft Senior 2015 Platz 20<\/li>\n<li>11 Rennen 2016<\/li>\n<li>Bay. Meisterschaft 2016 Xl Klasse Platz 2<\/li>\n<li>Baden W\u00fcrttembergische Meisterschaft XL Klasse Platz 2<\/li>\n<li>Deutsche Meisterschaft XL KLasse 2016 Platz 8<\/li>\n<li>Europa Meisterschaft XL Klasse 2016 Platz 4<\/li>\n<li>9 Rennen 2017<\/li>\n<li>Bay Meisterschaft 2017 XL Klasse Platz 3<\/li>\n<li>Baden W\u00fcrttenbergische Meisterschaft XL Klasse Platz 3<\/li>\n<li>Deutsche Meisterschaft XL Klasse 2017 Platz 2<\/li>\n<li>Europa Meisterschaft Xl KLasse \u00a02017 Platz 2<\/li>\n<li>Weltmeisterschaft XL KLasse \u00a02017 Platz 1<\/li>\n<li>13 Rennen 2018<\/li>\n<li>Bay Meisterschaft 2018 XL Klasse Platz 2<\/li>\n<li>Baden W\u00fcrttenbergische Meisterschaft XL Klasse 2018 Platz 2<\/li>\n<li>Deutsche Meisterschaft XL Klasse 2018 Platz 7<\/li>\n<li>Europa Meisterschaft XL Klasse 2018 Platz 3<\/li>\n<li>14 Rennen 2019<\/li>\n<li>Bay Meisterschaft XL Klasse 2019 Platz1<\/li>\n<li>Deutsche Meisterschaft XL Klasse 2019 Platz 2<\/li>\n<li>1 Rennen 2020<\/li>\n<\/ul>\n<p>Johnatan K\u00fcbler<\/p>\n<ul>\n<li>Fahrer seit 2011<\/li>\n<li>Erstes Rennen N\u00fcrnberg<\/li>\n<li>3 Rennen 2011<\/li>\n<li>Bay Meisterschaft Junior 2011 Platz 10<\/li>\n<li>3 Rennen 2012<\/li>\n<li>Bay Meisterschaft Junior 2012 Platz 9<\/li>\n<li>Deutsche Meisterschaft 2012 Junior Platz 24<\/li>\n<li>6 Rennen 2013<\/li>\n<li>Bay. Meisterschaft Junior 2013 Platz 7<\/li>\n<li>Seit 2014 Starter Senior Klasse<\/li>\n<li>4 Rennen 2014<\/li>\n<li>Bay. Meisterschaft 2014 Platz 7<\/li>\n<li>Deutsche Meisterschaft 2014 Platz 56<\/li>\n<li>1 Rennen 2015<\/li>\n<li>Bayrische Meisterschaft 2015 Platz 10<\/li>\n<\/ul>\n<p>Cora G\u00f6rres-Krug<\/p>\n<ul>\n<li>Fahrerin von 2011 &#8211; 2013<\/li>\n<li>Erstes Rennen Kulmbach<\/li>\n<li>2 Rennen 2011<\/li>\n<li>Bay Meisterschaft Junior Platz 9<\/li>\n<li>4 Rennen 2012<\/li>\n<li>Bay Meisterschaft \u00a02012 Junior Platz 5<\/li>\n<li>1 Rennen 2013<\/li>\n<\/ul>\n<p>Silas K\u00fcbler<\/p>\n<ul>\n<li>Fahrer seit 2011<\/li>\n<li>Erstes Rennen Schwandorf<\/li>\n<li>1 Rennen 2011<\/li>\n<li>1 Rennen 2012<\/li>\n<li>Sieger Hystorienklasse N\u00fcrnberg<\/li>\n<\/ul>\n<p>Kerstin Braun<\/p>\n<ul>\n<li>Fahrerin seit 2012<\/li>\n<li>Erstes Rennen Kaufbeuren<\/li>\n<li>3 Rennen 2012<\/li>\n<li>J\u00fcngste Fahrerin in Bayern (5Jahre 350Tage)<\/li>\n<li>7 Rennen 2013<\/li>\n<li>2014 Starterin Juniorklasse<\/li>\n<li>13 Rennen 2014<\/li>\n<li>Bay. Meisterschaft Junior Platz 3<\/li>\n<li>Baden W\u00fcrttembergische Meisterschaft 2014 Junior Platz 4<\/li>\n<li>Deutsche Meisterschaft 2014 Platz 4<\/li>\n<li>9 Rennen 2015<\/li>\n<li>Bay. Meisterschaft Junior \u00a0Platz 1<\/li>\n<li>Deutsche Meisterschaft Junior Platz 2<\/li>\n<li>11 Rennen 2016<\/li>\n<li>Bay. Meisterschaft Junior \u00a0Platz 2<\/li>\n<li>Baden W\u00fcrttembergische Meisterschaft 2016 Junior Platz 4<\/li>\n<li>Deutsche Meisterschaft Junior Platz 4<\/li>\n<li>Europameisterschaft Junior Platz 4<\/li>\n<li>9 Rennen 2017<\/li>\n<li>Bay Meisterschaft Senior 2017 Platz 7<\/li>\n<li>Baden W\u00fcrttembergische Meisterschaft Senior 2017 Platz 5<\/li>\n<li>Deutsche Meisterschaft Senior 2017 Platz 26<\/li>\n<li>Weltmeisterschaft Senior 2017 Platz 18<\/li>\n<li>12 Rennen 2018<\/li>\n<li>Bay Meisterschaft Open Class 2018 Platz 1<\/li>\n<li>Baden W\u00fcrttembergische Meisterschaft Open Class 2018 Platz1<\/li>\n<li>Deutsche Meisterschaft Open Class 2018 Platz 11<\/li>\n<li>Europa Meisterschaft Open Class 2018 Platz 7<\/li>\n<li>13 Rennen 2019<\/li>\n<li>Bay Meisterschaft XL Klasse Platz 2<\/li>\n<li>1 Rennen 2020<\/li>\n<li>5 Rennen 2022<\/li>\n<li>Deutsche Meisterschaft Elite XL Platz 1<\/li>\n<li>Europameisterschaft Elite XL Platz 2<\/li>\n<\/ul>\n<ul>\n<li style=\"text-align: left;\">Aaron Schleihauf<\/li>\n<\/ul>\n<ul>\n<li><span style=\"line-height: 15px;\">Fahrer 2013<\/span><\/li>\n<li>Erstes Rennen Crailsheim<\/li>\n<li>4 Rennen 2013<\/li>\n<li>Bay Meisterschaft \u00a02013 Senior Platz 6<\/li>\n<\/ul>\n<p>Lars Kauer<\/p>\n<ul>\n<li><span style=\"line-height: 15px;\">Fahrer 2013<\/span><\/li>\n<li>Erstes Rennen Gerolzhofen<\/li>\n<li>5 Rennen 2013<\/li>\n<li>Bay Meisterschaft \u00a02013 Junior Platz 6<\/li>\n<\/ul>\n<p>Annika Hollweck<\/p>\n<ul>\n<li><span style=\"line-height: 15px;\">Fahrer seit 2014 Juniorklasse<\/span><\/li>\n<li>Erstes Rennen M\u00fcnchen<\/li>\n<li>11 Rennen 2014<\/li>\n<li>Baden W\u00fcrttembergische Meisterschaft 2014 Junior Platz 5<\/li>\n<li>Bay Meisterschaft \u00a02014 Junior Platz 7<\/li>\n<li>Deutsche Meisterschaft 2014 Platz 26<\/li>\n<li>8 Rennen 2015<\/li>\n<li>Bay. Meisterschaft Junior Platz 2<\/li>\n<li>Deutsche Meisterschaft Junior Platz 22<\/li>\n<li>Europa Meisterschaft Junior Platz 12<\/li>\n<li>9 Rennen 2016<\/li>\n<li>Bay. Meisterschaft Junior Platz 3<\/li>\n<li>Baden W\u00fcrttembergische Meisterschaft Junior Platz 3<\/li>\n<li>Deutsche Meisterschaft Junior Platz 17<\/li>\n<li>6 Rennen 2017<\/li>\n<li>Bay Meisterschaft Senior 2017 Platz 5<\/li>\n<li>Baden W\u00fcrttembergische Meisterschaft Senior Platz 3<\/li>\n<li>Deutsche Meisterschaft Senior 2017 Platz 18<\/li>\n<li>9 Rennen 2018<\/li>\n<li>Bay Meisterschaft Senior 2018 Platz 3<\/li>\n<li>Baden W\u00fcrttembergische Meisterschaft Senior 2018 Platz 1<\/li>\n<li>Deutsche Meisterschaft Senior 2018 Platz 20<\/li>\n<li>Europa Meisteschaft Senior 2018 Platz 4<\/li>\n<li>8 Rennen 2019<\/li>\n<li>1 Rennen 2020<\/li>\n<li>1 Rennen 2021<\/li>\n<li>3 Rennen 2022<\/li>\n<\/ul>\n<p>Maxiemilian\u00a0Schleinkofer<\/p>\n<ul>\n<li><span style=\"line-height: 15px;\">Fahrer seit 2014 Juniorklasse<\/span><\/li>\n<li>Erstes Rennen M\u00fcnchen<\/li>\n<li>5 Rennen 2014<\/li>\n<li>Bay Meisterschaft \u00a02014 Junior Platz 5<\/li>\n<\/ul>\n<p>Laura Hollweck<\/p>\n<ul>\n<li>Fahrerin seit 2014 freie Klasse<\/li>\n<li>Erstes Rennen Rummelsberg<\/li>\n<li>10 Rennen 2014<\/li>\n<li>7 Rennen 2015<\/li>\n<li>Bay. Meisterschaft Open Class Platz 1<\/li>\n<li>Deutsche Meisterschaft\u00a0Open Class Platz 6<\/li>\n<li>Europameisterschaft\u00a0Open Class Platz 5<\/li>\n<li>9 Rennen 2016<\/li>\n<li>Bay. Meisterschaft Open Class Platz 1<\/li>\n<li>Deutsche Meisterschaft\u00a0Open Class Platz 2<\/li>\n<li>Europameisterschaft\u00a0Open Class Platz 9<\/li>\n<li>6 Rennen 2017<\/li>\n<li>Bay Meisterschaft Open Class 2017 Platz 2<\/li>\n<li>Deutsche Meisterschaft Open Class 2017 Platz 3<\/li>\n<li>Europameisterschaft Open Class 2017 Platz 1<\/li>\n<li>8 Rennen 2018<\/li>\n<li>Bay Meisterschaft Open Class 2018 Platz 3<\/li>\n<li>Baden W\u00fcrttembergische Meisterschaft Open Class 2018 Platz2<\/li>\n<li>Deutsche Meisterschaft Open Class 2018 Platz 12<\/li>\n<li>Europa Meisterschaft Open Class 2018 Platz 6<\/li>\n<li>5 Rennen 2019<\/li>\n<li>Bay Meisterin 2019<\/li>\n<li>Europameisterschaft Open Class 1 Platz<\/li>\n<li>1 Rennen 2020<\/li>\n<li>1 Rennen 2021<\/li>\n<li>2 Rennen 2022<\/li>\n<li>Europameisterschaft Open Class 3 Platz<\/li>\n<\/ul>\n<p>Gastfahrer<\/p>\n<ul>\n<li>Leila R\u00f6\u00dfler 3 Stadtmeister N\u00fcrnberg Junior Klasse<\/li>\n<li>Lars Kauer 2 Platz Burgheim Junior Klasse<\/li>\n<li>Martin Schlosser 8 Platz Burgheim Junior Klasse<\/li>\n<li>Daniel Schlosser 7 Platz Burgheim Junior Klasse<\/li>\n<li>Felicia Schlosser 6 Platz Historienklasse N\u00fcrnberg<\/li>\n<li>Lorena Franciotti \u00a07 Platz Juniorklasse N\u00fcrnberg, 1.Platz Historienklassse N\u00fcrnberg<\/li>\n<li>Janis Winkler 1 Platz Historienklasse N\u00fcrnberg<\/li>\n<li>Manuel Full 2. Platz Historienklasse N\u00fcrnberg<\/li>\n<li>Niklas Hollweck \u00a07. Platz Juniorklasse N\u00fcrnberg<\/li>\n<\/ul>\n<p>&nbsp;<\/p>\n<p>&nbsp;<\/p>\n<p>&nbsp;<\/p>\n<p>&nbsp;<\/p>\n<p>&nbsp;<\/p>\n","protected":false},"excerpt":{"rendered":"<p>Armin Braun Fahrer seit 2011 Erstes Rennen Rummelsberg 8 Rennen 2011 Bay. Meisterschaft 2011 Junior Platz 8 Deutsche Meisterschaft 2011 Junior Platz 38 9 Rennen 2012 Bay Meisterschaft 2012 Junior Platz 6 Deutsche Meisterschaft 2012 Junior Platz 42 14 Rennen 2013 Bay. Meisterschaft 2013 Junior Platz 5 Baden W\u00fcrttembergische Meisterschaft 2013 Junior Platz 1 Deutsche &hellip; <a href=\"https:\/\/gartenstadt-racingteam.de\/racing\/fahrer\" class=\"more-link\"><span class=\"screen-reader-text\">Fahrer<\/span> weiterlesen <span class=\"meta-nav\">&rarr;<\/span><\/a><\/p>\n","protected":false},"author":1,"featured_media":0,"parent":0,"menu_order":10,"comment_status":"closed","ping_status":"closed","template":"","meta":{"ngg_post_thumbnail":0,"footnotes":""},"_links":{"self":[{"href":"https:\/\/gartenstadt-racingteam.de\/racing\/wp-json\/wp\/v2\/pages\/22"}],"collection":[{"href":"https:\/\/gartenstadt-racingteam.de\/racing\/wp-json\/wp\/v2\/pages"}],"about":[{"href":"https:\/\/gartenstadt-racingteam.de\/racing\/wp-json\/wp\/v2\/types\/page"}],"author":[{"embeddable":true,"href":"https:\/\/gartenstadt-racingteam.de\/racing\/wp-json\/wp\/v2\/users\/1"}],"replies":[{"embeddable":true,"href":"https:\/\/gartenstadt-racingteam.de\/racing\/wp-json\/wp\/v2\/comments?post=22"}],"version-history":[{"count":21,"href":"https:\/\/gartenstadt-racingteam.de\/racing\/wp-json\/wp\/v2\/pages\/22\/revisions"}],"predecessor-version":[{"id":7729,"href":"https:\/\/gartenstadt-racingteam.de\/racing\/wp-json\/wp\/v2\/pages\/22\/revisions\/7729"}],"wp:attachment":[{"href":"https:\/\/gartenstadt-racingteam.de\/racing\/wp-json\/wp\/v2\/media?parent=22"}],"curies":[{"name":"wp","href":"https:\/\/api.w.org\/{rel}","templated":true}]}}